{"id":162,"date":"2023-10-31T14:22:19","date_gmt":"2023-10-31T13:22:19","guid":{"rendered":"https:\/\/kiss.nu\/?page_id=162"},"modified":"2024-10-28T17:38:49","modified_gmt":"2024-10-28T16:38:49","slug":"ueber-mich","status":"publish","type":"page","link":"https:\/\/kiss.nu\/?page_id=162","title":{"rendered":"\u00fcber mich"},"content":{"rendered":"\t\t<div data-elementor-type=\"wp-page\" data-elementor-id=\"162\" class=\"elementor elementor-162\">\n\t\t\t\t\t\t\t<div class=\"elementor-element elementor-element-abae5af e-flex e-con-boxed e-con e-parent\" data-id=\"abae5af\" data-element_type=\"container\" data-settings=\"{&quot;content_width&quot;:&quot;boxed&quot;}\" data-core-v316-plus=\"true\">\n\t\t\t\t\t<div class=\"e-con-inner\">\n\t\t\t\t<div class=\"elementor-element elementor-element-585673e elementor-widget elementor-widget-heading\" data-id=\"585673e\" data-element_type=\"widget\" data-widget_type=\"heading.default\">\n\t\t\t\t<div class=\"elementor-widget-container\">\n\t\t\t<style>\/*! elementor - v3.17.0 - 01-11-2023 *\/\n.elementor-heading-title{padding:0;margin:0;line-height:1}.elementor-widget-heading .elementor-heading-title[class*=elementor-size-]>a{color:inherit;font-size:inherit;line-height:inherit}.elementor-widget-heading .elementor-heading-title.elementor-size-small{font-size:15px}.elementor-widget-heading .elementor-heading-title.elementor-size-medium{font-size:19px}.elementor-widget-heading .elementor-heading-title.elementor-size-large{font-size:29px}.elementor-widget-heading .elementor-heading-title.elementor-size-xl{font-size:39px}.elementor-widget-heading .elementor-heading-title.elementor-size-xxl{font-size:59px}<\/style><h2 class=\"elementor-heading-title elementor-size-default\">\u00fcber mich<\/h2>\t\t<\/div>\n\t\t\t\t<\/div>\n\t\t\t\t\t<\/div>\n\t\t\t\t<\/div>\n\t\t<div class=\"elementor-element elementor-element-94abdd1 e-flex e-con-boxed e-con e-parent\" data-id=\"94abdd1\" data-element_type=\"container\" data-settings=\"{&quot;content_width&quot;:&quot;boxed&quot;}\" data-core-v316-plus=\"true\">\n\t\t\t\t\t<div class=\"e-con-inner\">\n\t\t<div class=\"elementor-element elementor-element-53399fa e-con-full e-flex e-con e-child\" data-id=\"53399fa\" data-element_type=\"container\" data-settings=\"{&quot;content_width&quot;:&quot;full&quot;}\">\n\t\t\t\t<div class=\"elementor-element elementor-element-ec5b5be elementor-widget elementor-widget-text-editor\" data-id=\"ec5b5be\" data-element_type=\"widget\" data-widget_type=\"text-editor.default\">\n\t\t\t\t<div class=\"elementor-widget-container\">\n\t\t\t<style>\/*! elementor - v3.17.0 - 01-11-2023 *\/\n.elementor-widget-text-editor.elementor-drop-cap-view-stacked .elementor-drop-cap{background-color:#69727d;color:#fff}.elementor-widget-text-editor.elementor-drop-cap-view-framed .elementor-drop-cap{color:#69727d;border:3px solid;background-color:transparent}.elementor-widget-text-editor:not(.elementor-drop-cap-view-default) .elementor-drop-cap{margin-top:8px}.elementor-widget-text-editor:not(.elementor-drop-cap-view-default) .elementor-drop-cap-letter{width:1em;height:1em}.elementor-widget-text-editor .elementor-drop-cap{float:left;text-align:center;line-height:1;font-size:50px}.elementor-widget-text-editor .elementor-drop-cap-letter{display:inline-block}<\/style>\t\t\t\t<p>Meine Name ist Diana Kiss und es ist mir eine Herzensangelegenheit, Tieren zu helfen und ihre Lebensqualit\u00e4t zu verbessern.<\/p><p>Schon fr\u00fch habe ich meine Leidenschaft f\u00fcr Tiere entdeckt und lange davon getr\u00e4umt, sp\u00e4ter einmal mit ihnen zu arbeiten. Deshalb habe ich schlie\u00dflich beschlossen, meine Leidenschaft zum Beruf zu machen und eine 2-j\u00e4hrige Ausbildung zur Tierphysiotherapeutin begonnen. <br \/>Die Ausbildung beim Institut f\u00fcr Tierheilkunde war anspruchsvoll und umfangreich und legte Wert auf einen hohen Praxisanteil.\u00a0 Nach einer umfangreichen Pr\u00fcfung habe ich die Ausbildung erfolgreich abgeschlossen und bin stolz darauf, als gepr\u00fcfte und zertifizierte Tierphysiotherapeutin arbeiten zu k\u00f6nnen.<\/p><p>Um meinen Patienten eine qualifizierte und ganzheitliche Behandlung anbieten zu k\u00f6nnen, bilde ich mich nat\u00fcrlich regelm\u00e4\u00dfig weiter. Hier ein kleiner Ausschnitt aus meinen Aus- und Fortbildungen:<\/p><p style=\"text-align: left;\">Tierphysiotherapie, Institut f\u00fcr Tierheilkunde<\/p><p style=\"text-align: left;\">Tierakupunktur,\u00a0 Institut f\u00fcr Tierheilkunde<\/p><p style=\"text-align: left;\">Praktikum inkl. Aquatrainer Hund,\u00a0 THP-Praxis an der THP-Akademie Rosenbraken<\/p><p style=\"text-align: left;\">Tierheilpraktiker, Paracelsus Heilpraktikerschule<\/p><p style=\"text-align: left;\">Physiotherapie f\u00fcr Hunde, Intensivkurs bei Fachtier\u00e4rztin Dr. Mima Hohmann<\/p><p style=\"text-align: left;\">Bindegwebsschw\u00e4che, Webinar von Fachtier\u00e4rztin Dr. Mima Hohmann<\/p><p style=\"text-align: left;\">Patellaluxation und ihre physiotherapeutische Behandlung, Webinar von Fachtier\u00e4rztin Dr. Mima Hohmann<\/p>\t\t\t\t\t\t<\/div>\n\t\t\t\t<\/div>\n\t\t\t\t<\/div>\n\t\t\t\t\t<\/div>\n\t\t\t\t<\/div>\n\t\t\t\t\t\t\t<\/div>\n\t\t","protected":false},"excerpt":{"rendered":"<p>\u00fcber mich Meine Name ist Diana Kiss und es ist mir eine Herzensangelegenheit, Tieren zu helfen und ihre Lebensqualit\u00e4t zu verbessern. Schon fr\u00fch habe ich meine Leidenschaft f\u00fcr Tiere entdeckt und lange davon getr\u00e4umt, sp\u00e4ter einmal mit ihnen zu arbeiten. Deshalb habe ich schlie\u00dflich beschlossen, meine Leidenschaft zum Beruf zu machen und eine 2-j\u00e4hrige Ausbildung &hellip;<\/p>\n<p class=\"read-more\"> <a class=\"\" href=\"https:\/\/kiss.nu\/?page_id=162\"> <span class=\"screen-reader-text\">\u00fcber mich<\/span> Weiterlesen &raquo;<\/a><\/p>\n","protected":false},"author":1,"featured_media":0,"parent":0,"menu_order":0,"comment_status":"closed","ping_status":"closed","template":"","meta":{"site-sidebar-layout":"no-sidebar","site-content-layout":"","ast-site-content-layout":"full-width-container","site-content-style":"default","site-sidebar-style":"default","ast-global-header-display":"","ast-banner-title-visibility":"","ast-main-header-display":"","ast-hfb-above-header-display":"","ast-hfb-below-header-display":"","ast-hfb-mobile-header-display":"","site-post-title":"disabled","ast-breadcrumbs-content":"","ast-featured-img":"disabled","footer-sml-layout":"","theme-transparent-header-meta":"","adv-header-id-meta":"","stick-header-meta":"","header-above-stick-meta":"","header-main-stick-meta":"","header-below-stick-meta":"","astra-migrate-meta-layouts":"","ast-page-background-enabled":"default","ast-page-background-meta":{"desktop":{"background-color":"var(--ast-global-color-4)","background-image":"","background-repeat":"repeat","background-position":"center center","background-size":"auto","background-attachment":"scroll","background-type":"","background-media":"","overlay-type":"","overlay-color":"","overlay-gradient":""},"tablet":{"background-color":"","background-image":"","background-repeat":"repeat","background-position":"center center","background-size":"auto","background-attachment":"scroll","background-type":"","background-media":"","overlay-type":"","overlay-color":"","overlay-gradient":""},"mobile":{"background-color":"","background-image":"","background-repeat":"repeat","background-position":"center center","background-size":"auto","background-attachment":"scroll","background-type":"","background-media":"","overlay-type":"","overlay-color":"","overlay-gradient":""}},"ast-content-background-meta":{"desktop":{"background-color":"var(--ast-global-color-5)","background-image":"","background-repeat":"repeat","background-position":"center center","background-size":"auto","background-attachment":"scroll","background-type":"","background-media":"","overlay-type":"","overlay-color":"","overlay-gradient":""},"tablet":{"background-color":"var(--ast-global-color-5)","background-image":"","background-repeat":"repeat","background-position":"center center","background-size":"auto","background-attachment":"scroll","background-type":"","background-media":"","overlay-type":"","overlay-color":"","overlay-gradient":""},"mobile":{"background-color":"var(--ast-global-color-5)","background-image":"","background-repeat":"repeat","background-position":"center center","background-size":"auto","background-attachment":"scroll","background-type":"","background-media":"","overlay-type":"","overlay-color":"","overlay-gradient":""}},"footnotes":""},"class_list":["post-162","page","type-page","status-publish","hentry"],"_links":{"self":[{"href":"https:\/\/kiss.nu\/index.php?rest_route=\/wp\/v2\/pages\/162","targetHints":{"allow":["GET"]}}],"collection":[{"href":"https:\/\/kiss.nu\/index.php?rest_route=\/wp\/v2\/pages"}],"about":[{"href":"https:\/\/kiss.nu\/index.php?rest_route=\/wp\/v2\/types\/page"}],"author":[{"embeddable":true,"href":"https:\/\/kiss.nu\/index.php?rest_route=\/wp\/v2\/users\/1"}],"replies":[{"embeddable":true,"href":"https:\/\/kiss.nu\/index.php?rest_route=%2Fwp%2Fv2%2Fcomments&post=162"}],"version-history":[{"count":28,"href":"https:\/\/kiss.nu\/index.php?rest_route=\/wp\/v2\/pages\/162\/revisions"}],"predecessor-version":[{"id":797,"href":"https:\/\/kiss.nu\/index.php?rest_route=\/wp\/v2\/pages\/162\/revisions\/797"}],"wp:attachment":[{"href":"https:\/\/kiss.nu\/index.php?rest_route=%2Fwp%2Fv2%2Fmedia&parent=162"}],"curies":[{"name":"wp","href":"https:\/\/api.w.org\/{rel}","templated":true}]}}