{"id":157,"date":"2023-10-31T14:21:35","date_gmt":"2023-10-31T13:21:35","guid":{"rendered":"https:\/\/kiss.nu\/?page_id=157"},"modified":"2023-11-06T10:10:49","modified_gmt":"2023-11-06T09:10:49","slug":"preise","status":"publish","type":"page","link":"https:\/\/kiss.nu\/?page_id=157","title":{"rendered":"Preise"},"content":{"rendered":"\t\t<div data-elementor-type=\"wp-page\" data-elementor-id=\"157\" class=\"elementor elementor-157\">\n\t\t\t\t\t\t\t<div class=\"elementor-element elementor-element-ac8a6cd e-flex e-con-boxed e-con e-parent\" data-id=\"ac8a6cd\" data-element_type=\"container\" data-settings=\"{&quot;content_width&quot;:&quot;boxed&quot;}\" data-core-v316-plus=\"true\">\n\t\t\t\t\t<div class=\"e-con-inner\">\n\t\t\t\t<div class=\"elementor-element elementor-element-ecb2242 elementor-widget elementor-widget-image\" data-id=\"ecb2242\" data-element_type=\"widget\" data-widget_type=\"image.default\">\n\t\t\t\t<div class=\"elementor-widget-container\">\n\t\t\t<style>\/*! elementor - v3.17.0 - 01-11-2023 *\/\n.elementor-widget-image{text-align:center}.elementor-widget-image a{display:inline-block}.elementor-widget-image a img[src$=\".svg\"]{width:48px}.elementor-widget-image img{vertical-align:middle;display:inline-block}<\/style>\t\t\t\t\t\t\t\t\t\t\t\t<img loading=\"lazy\" decoding=\"async\" width=\"1024\" height=\"614\" src=\"https:\/\/kiss.nu\/wp-content\/uploads\/2023\/11\/Hund-Geld02-1.png\" class=\"attachment-large size-large wp-image-556\" alt=\"\" srcset=\"https:\/\/kiss.nu\/wp-content\/uploads\/2023\/11\/Hund-Geld02-1.png 1024w, https:\/\/kiss.nu\/wp-content\/uploads\/2023\/11\/Hund-Geld02-1-300x180.png 300w, https:\/\/kiss.nu\/wp-content\/uploads\/2023\/11\/Hund-Geld02-1-768x461.png 768w\" sizes=\"auto, (max-width: 1024px) 100vw, 1024px\" \/>\t\t\t\t\t\t\t\t\t\t\t\t\t\t\t<\/div>\n\t\t\t\t<\/div>\n\t\t\t\t\t<\/div>\n\t\t\t\t<\/div>\n\t\t<div class=\"elementor-element elementor-element-3e14866 e-flex e-con-boxed e-con e-parent\" data-id=\"3e14866\" data-element_type=\"container\" data-settings=\"{&quot;content_width&quot;:&quot;boxed&quot;}\" data-core-v316-plus=\"true\">\n\t\t\t\t\t<div class=\"e-con-inner\">\n\t\t\t\t\t<\/div>\n\t\t\t\t<\/div>\n\t\t<div class=\"elementor-element elementor-element-e2fc4b5 e-flex e-con-boxed e-con e-parent\" data-id=\"e2fc4b5\" data-element_type=\"container\" data-settings=\"{&quot;content_width&quot;:&quot;boxed&quot;}\" data-core-v316-plus=\"true\">\n\t\t\t\t\t<div class=\"e-con-inner\">\n\t\t\t\t<div class=\"elementor-element elementor-element-7c1be0b elementor-widget__width-initial elementor-widget elementor-widget-text-editor\" data-id=\"7c1be0b\" data-element_type=\"widget\" data-widget_type=\"text-editor.default\">\n\t\t\t\t<div class=\"elementor-widget-container\">\n\t\t\t<style>\/*! elementor - v3.17.0 - 01-11-2023 *\/\n.elementor-widget-text-editor.elementor-drop-cap-view-stacked .elementor-drop-cap{background-color:#69727d;color:#fff}.elementor-widget-text-editor.elementor-drop-cap-view-framed .elementor-drop-cap{color:#69727d;border:3px solid;background-color:transparent}.elementor-widget-text-editor:not(.elementor-drop-cap-view-default) .elementor-drop-cap{margin-top:8px}.elementor-widget-text-editor:not(.elementor-drop-cap-view-default) .elementor-drop-cap-letter{width:1em;height:1em}.elementor-widget-text-editor .elementor-drop-cap{float:left;text-align:center;line-height:1;font-size:50px}.elementor-widget-text-editor .elementor-drop-cap-letter{display:inline-block}<\/style>\t\t\t\t<p>Meine Geb\u00fchren sind, soweit nicht abweichend vereinbart, nach Zeiteinheit aufgebaut. Jede 15-min\u00fctige Einheit kostet 15 EUR.<\/p><p>F\u00fcr eine therapeutische Erstuntersuchung mit anschlie\u00dfender Behandlung sollten in der Regel, abh\u00e4ngig von der Tierart, etwa 60 bis 90 Minuten eingeplant werden. Die Dauer der folgenden Behandlungen variiert je nach Krankheitsbild und dem Befinden des Patienten und liegt meist zwischen 30 und 60 Minuten.<\/p><p>Die Bezahlung erfolgt in bar und unmittelbar im Anschluss an jede Behandlung.<\/p><p>F\u00fcr diejenigen, die sich gleich f\u00fcr mehrere Behandlungseinheiten entscheiden, biete ich auch verg\u00fcnstigte Paketpreise an<\/p>\t\t\t\t\t\t<\/div>\n\t\t\t\t<\/div>\n\t\t\t\t\t<\/div>\n\t\t\t\t<\/div>\n\t\t<div class=\"elementor-element elementor-element-0e1a851 e-flex e-con-boxed e-con e-parent\" data-id=\"0e1a851\" data-element_type=\"container\" data-settings=\"{&quot;content_width&quot;:&quot;boxed&quot;}\" data-core-v316-plus=\"true\">\n\t\t\t\t\t<div class=\"e-con-inner\">\n\t\t\t\t\t<\/div>\n\t\t\t\t<\/div>\n\t\t<div class=\"elementor-element elementor-element-8002cc3 e-flex e-con-boxed e-con e-parent\" data-id=\"8002cc3\" data-element_type=\"container\" data-settings=\"{&quot;content_width&quot;:&quot;boxed&quot;}\" data-core-v316-plus=\"true\">\n\t\t\t\t\t<div class=\"e-con-inner\">\n\t\t\t\t<div class=\"elementor-element elementor-element-0eb9a62 elementor-widget elementor-widget-image\" data-id=\"0eb9a62\" data-element_type=\"widget\" data-widget_type=\"image.default\">\n\t\t\t\t<div class=\"elementor-widget-container\">\n\t\t\t\t\t\t\t\t\t\t\t\t\t\t\t<img loading=\"lazy\" decoding=\"async\" width=\"1024\" height=\"480\" src=\"https:\/\/kiss.nu\/wp-content\/uploads\/2023\/11\/Preistabelle-2-1024x480.png\" class=\"attachment-large size-large wp-image-560\" alt=\"\" srcset=\"https:\/\/kiss.nu\/wp-content\/uploads\/2023\/11\/Preistabelle-2-1024x480.png 1024w, https:\/\/kiss.nu\/wp-content\/uploads\/2023\/11\/Preistabelle-2-300x141.png 300w, https:\/\/kiss.nu\/wp-content\/uploads\/2023\/11\/Preistabelle-2-768x360.png 768w, https:\/\/kiss.nu\/wp-content\/uploads\/2023\/11\/Preistabelle-2-1536x720.png 1536w, https:\/\/kiss.nu\/wp-content\/uploads\/2023\/11\/Preistabelle-2.png 1778w\" sizes=\"auto, (max-width: 1024px) 100vw, 1024px\" \/>\t\t\t\t\t\t\t\t\t\t\t\t\t\t\t<\/div>\n\t\t\t\t<\/div>\n\t\t\t\t\t<\/div>\n\t\t\t\t<\/div>\n\t\t\t\t\t\t\t<\/div>\n\t\t","protected":false},"excerpt":{"rendered":"<p>Meine Geb\u00fchren sind, soweit nicht abweichend vereinbart, nach Zeiteinheit aufgebaut. Jede 15-min\u00fctige Einheit kostet 15 EUR. F\u00fcr eine therapeutische Erstuntersuchung mit anschlie\u00dfender Behandlung sollten in der Regel, abh\u00e4ngig von der Tierart, etwa 60 bis 90 Minuten eingeplant werden. Die Dauer der folgenden Behandlungen variiert je nach Krankheitsbild und dem Befinden des Patienten und liegt meist &hellip;<\/p>\n<p class=\"read-more\"> <a class=\"\" href=\"https:\/\/kiss.nu\/?page_id=157\"> <span class=\"screen-reader-text\">Preise<\/span> Weiterlesen &raquo;<\/a><\/p>\n","protected":false},"author":1,"featured_media":0,"parent":0,"menu_order":0,"comment_status":"closed","ping_status":"closed","template":"","meta":{"site-sidebar-layout":"no-sidebar","site-content-layout":"","ast-site-content-layout":"full-width-container","site-content-style":"default","site-sidebar-style":"default","ast-global-header-display":"","ast-banner-title-visibility":"","ast-main-header-display":"","ast-hfb-above-header-display":"","ast-hfb-below-header-display":"","ast-hfb-mobile-header-display":"","site-post-title":"disabled","ast-breadcrumbs-content":"","ast-featured-img":"disabled","footer-sml-layout":"","theme-transparent-header-meta":"","adv-header-id-meta":"","stick-header-meta":"","header-above-stick-meta":"","header-main-stick-meta":"","header-below-stick-meta":"","astra-migrate-meta-layouts":"","ast-page-background-enabled":"default","ast-page-background-meta":{"desktop":{"background-color":"var(--ast-global-color-4)","background-image":"","background-repeat":"repeat","background-position":"center center","background-size":"auto","background-attachment":"scroll","background-type":"","background-media":"","overlay-type":"","overlay-color":"","overlay-gradient":""},"tablet":{"background-color":"","background-image":"","background-repeat":"repeat","background-position":"center center","background-size":"auto","background-attachment":"scroll","background-type":"","background-media":"","overlay-type":"","overlay-color":"","overlay-gradient":""},"mobile":{"background-color":"","background-image":"","background-repeat":"repeat","background-position":"center center","background-size":"auto","background-attachment":"scroll","background-type":"","background-media":"","overlay-type":"","overlay-color":"","overlay-gradient":""}},"ast-content-background-meta":{"desktop":{"background-color":"var(--ast-global-color-5)","background-image":"","background-repeat":"repeat","background-position":"center center","background-size":"auto","background-attachment":"scroll","background-type":"","background-media":"","overlay-type":"","overlay-color":"","overlay-gradient":""},"tablet":{"background-color":"var(--ast-global-color-5)","background-image":"","background-repeat":"repeat","background-position":"center center","background-size":"auto","background-attachment":"scroll","background-type":"","background-media":"","overlay-type":"","overlay-color":"","overlay-gradient":""},"mobile":{"background-color":"var(--ast-global-color-5)","background-image":"","background-repeat":"repeat","background-position":"center center","background-size":"auto","background-attachment":"scroll","background-type":"","background-media":"","overlay-type":"","overlay-color":"","overlay-gradient":""}},"footnotes":""},"class_list":["post-157","page","type-page","status-publish","hentry"],"_links":{"self":[{"href":"https:\/\/kiss.nu\/index.php?rest_route=\/wp\/v2\/pages\/157","targetHints":{"allow":["GET"]}}],"collection":[{"href":"https:\/\/kiss.nu\/index.php?rest_route=\/wp\/v2\/pages"}],"about":[{"href":"https:\/\/kiss.nu\/index.php?rest_route=\/wp\/v2\/types\/page"}],"author":[{"embeddable":true,"href":"https:\/\/kiss.nu\/index.php?rest_route=\/wp\/v2\/users\/1"}],"replies":[{"embeddable":true,"href":"https:\/\/kiss.nu\/index.php?rest_route=%2Fwp%2Fv2%2Fcomments&post=157"}],"version-history":[{"count":70,"href":"https:\/\/kiss.nu\/index.php?rest_route=\/wp\/v2\/pages\/157\/revisions"}],"predecessor-version":[{"id":679,"href":"https:\/\/kiss.nu\/index.php?rest_route=\/wp\/v2\/pages\/157\/revisions\/679"}],"wp:attachment":[{"href":"https:\/\/kiss.nu\/index.php?rest_route=%2Fwp%2Fv2%2Fmedia&parent=157"}],"curies":[{"name":"wp","href":"https:\/\/api.w.org\/{rel}","templated":true}]}}