{"id":141,"date":"2023-10-31T13:56:27","date_gmt":"2023-10-31T12:56:27","guid":{"rendered":"https:\/\/kiss.nu\/?page_id=141"},"modified":"2024-02-16T13:17:28","modified_gmt":"2024-02-16T12:17:28","slug":"warum-physiotherapie","status":"publish","type":"page","link":"https:\/\/kiss.nu\/?page_id=141","title":{"rendered":"Therapieziele"},"content":{"rendered":"\t\t<div data-elementor-type=\"wp-page\" data-elementor-id=\"141\" class=\"elementor elementor-141\">\n\t\t\t\t\t\t\t<div class=\"elementor-element elementor-element-6e05993 e-flex e-con-boxed e-con e-parent\" data-id=\"6e05993\" data-element_type=\"container\" data-settings=\"{&quot;content_width&quot;:&quot;boxed&quot;}\" data-core-v316-plus=\"true\">\n\t\t\t\t\t<div class=\"e-con-inner\">\n\t\t\t\t<div class=\"elementor-element elementor-element-6eb2262 elementor-widget elementor-widget-heading\" data-id=\"6eb2262\" data-element_type=\"widget\" data-widget_type=\"heading.default\">\n\t\t\t\t<div class=\"elementor-widget-container\">\n\t\t\t<style>\/*! elementor - v3.17.0 - 01-11-2023 *\/\n.elementor-heading-title{padding:0;margin:0;line-height:1}.elementor-widget-heading .elementor-heading-title[class*=elementor-size-]>a{color:inherit;font-size:inherit;line-height:inherit}.elementor-widget-heading .elementor-heading-title.elementor-size-small{font-size:15px}.elementor-widget-heading .elementor-heading-title.elementor-size-medium{font-size:19px}.elementor-widget-heading .elementor-heading-title.elementor-size-large{font-size:29px}.elementor-widget-heading .elementor-heading-title.elementor-size-xl{font-size:39px}.elementor-widget-heading .elementor-heading-title.elementor-size-xxl{font-size:59px}<\/style><h2 class=\"elementor-heading-title elementor-size-default\">Physiotherapie f\u00fcr Tiere?<\/h2>\t\t<\/div>\n\t\t\t\t<\/div>\n\t\t\t\t\t<\/div>\n\t\t\t\t<\/div>\n\t\t<div class=\"elementor-element elementor-element-b9d418d e-flex e-con-boxed e-con e-parent\" data-id=\"b9d418d\" data-element_type=\"container\" data-settings=\"{&quot;content_width&quot;:&quot;boxed&quot;}\" data-core-v316-plus=\"true\">\n\t\t\t\t\t<div class=\"e-con-inner\">\n\t\t\t\t<div class=\"elementor-element elementor-element-6483d03 elementor-widget elementor-widget-text-editor\" data-id=\"6483d03\" data-element_type=\"widget\" data-widget_type=\"text-editor.default\">\n\t\t\t\t<div class=\"elementor-widget-container\">\n\t\t\t<style>\/*! elementor - v3.17.0 - 01-11-2023 *\/\n.elementor-widget-text-editor.elementor-drop-cap-view-stacked .elementor-drop-cap{background-color:#69727d;color:#fff}.elementor-widget-text-editor.elementor-drop-cap-view-framed .elementor-drop-cap{color:#69727d;border:3px solid;background-color:transparent}.elementor-widget-text-editor:not(.elementor-drop-cap-view-default) .elementor-drop-cap{margin-top:8px}.elementor-widget-text-editor:not(.elementor-drop-cap-view-default) .elementor-drop-cap-letter{width:1em;height:1em}.elementor-widget-text-editor .elementor-drop-cap{float:left;text-align:center;line-height:1;font-size:50px}.elementor-widget-text-editor .elementor-drop-cap-letter{display:inline-block}<\/style>\t\t\t\t<p>In der Welt der Medizin ist Physiotherapie f\u00fcr Menschen l\u00e4ngst zur Selbstverst\u00e4ndlichkeit geworden. Sie verk\u00fcrzt Rehabilitationszeiten nach Operationen, lindert Schmerzen und verbessert das Wohlbefinden. Warum sollte es also nicht genauso f\u00fcr unsere treuen Begleiter sein?<\/p><p>Eine Tierphysiotherapie umfasst verschiedene Leistungen, die darauf abzielen, die k\u00f6rperliche Gesundheit und das Wohlbefinden von Tieren zu verbessern. Verschiedene Therapieformen und Techniken k\u00f6nnen unter anderem dazu beitragen, die Beweglichkeit der Gelenke zu verbessern und Muskelverspannungen zu l\u00f6sen. Spezielle \u00dcbungen k\u00f6nnen die k\u00f6rperliche Fitness und Kraft des Tieres verbessern und den Heilungsprozess nach Verletzungen oder Operationen unterst\u00fctzen.<\/p><p>Bitte beachten Sie, dass die Tierphysiotherapie eine Erg\u00e4nzung zur tier\u00e4rztlichen Versorgung darstellt. Sie ersetzt diese nicht, sondern arbeitet eng mit Ihrem Tierarzt zusammen, um die bestm\u00f6gliche Gesundheitsversorgung f\u00fcr Ihr Haustier zu gew\u00e4hrleisten.<\/p>\t\t\t\t\t\t<\/div>\n\t\t\t\t<\/div>\n\t\t\t\t\t<\/div>\n\t\t\t\t<\/div>\n\t\t<div class=\"elementor-element elementor-element-a52c5b4 e-flex e-con-boxed e-con e-parent\" data-id=\"a52c5b4\" data-element_type=\"container\" data-settings=\"{&quot;content_width&quot;:&quot;boxed&quot;}\" data-core-v316-plus=\"true\">\n\t\t\t\t\t<div class=\"e-con-inner\">\n\t\t<div class=\"elementor-element elementor-element-de284cf e-con-full e-flex e-con e-child\" data-id=\"de284cf\" data-element_type=\"container\" data-settings=\"{&quot;content_width&quot;:&quot;full&quot;}\">\n\t\t\t\t<div class=\"elementor-element elementor-element-4f32523 elementor-widget elementor-widget-text-editor\" data-id=\"4f32523\" data-element_type=\"widget\" data-widget_type=\"text-editor.default\">\n\t\t\t\t<div class=\"elementor-widget-container\">\n\t\t\t\t\t\t\t<p><strong>Ziele einer Therapie k\u00f6nnen sein: <\/strong><\/p><p>\u2022 Schmerzreduktion<br \/>\u2022 Verbesserung der Beweglichkeit<br \/>\u2022 St\u00e4rkung der Muskulatur<br \/>\u2022 L\u00f6sen von Muskelverspannungen<br \/>\u2022 Rehabilitation nach Verletzungen oder Operationen<br \/>\u2022 Wiederherstellung des physiologischen Gangbildes<br \/>\u2022 Unterst\u00fctzung der Lymphzirkulation im K\u00f6rper<br \/>\u2022 Verbesserung der Lebensqualit\u00e4t<br \/>\u2022 Entspannung<\/p>\t\t\t\t\t\t<\/div>\n\t\t\t\t<\/div>\n\t\t\t\t<\/div>\n\t\t\t\t\t<\/div>\n\t\t\t\t<\/div>\n\t\t\t\t\t\t\t<\/div>\n\t\t","protected":false},"excerpt":{"rendered":"<p>Physiotherapie f\u00fcr Tiere? In der Welt der Medizin ist Physiotherapie f\u00fcr Menschen l\u00e4ngst zur Selbstverst\u00e4ndlichkeit geworden. Sie verk\u00fcrzt Rehabilitationszeiten nach Operationen, lindert Schmerzen und verbessert das Wohlbefinden. Warum sollte es also nicht genauso f\u00fcr unsere treuen Begleiter sein? Eine Tierphysiotherapie umfasst verschiedene Leistungen, die darauf abzielen, die k\u00f6rperliche Gesundheit und das Wohlbefinden von Tieren zu &hellip;<\/p>\n<p class=\"read-more\"> <a class=\"\" href=\"https:\/\/kiss.nu\/?page_id=141\"> <span class=\"screen-reader-text\">Therapieziele<\/span> Weiterlesen &raquo;<\/a><\/p>\n","protected":false},"author":1,"featured_media":0,"parent":0,"menu_order":0,"comment_status":"closed","ping_status":"closed","template":"","meta":{"site-sidebar-layout":"no-sidebar","site-content-layout":"","ast-site-content-layout":"full-width-container","site-content-style":"default","site-sidebar-style":"default","ast-global-header-display":"","ast-banner-title-visibility":"","ast-main-header-display":"","ast-hfb-above-header-display":"","ast-hfb-below-header-display":"","ast-hfb-mobile-header-display":"","site-post-title":"disabled","ast-breadcrumbs-content":"","ast-featured-img":"disabled","footer-sml-layout":"","theme-transparent-header-meta":"","adv-header-id-meta":"","stick-header-meta":"","header-above-stick-meta":"","header-main-stick-meta":"","header-below-stick-meta":"","astra-migrate-meta-layouts":"","ast-page-background-enabled":"default","ast-page-background-meta":{"desktop":{"background-color":"var(--ast-global-color-4)","background-image":"","background-repeat":"repeat","background-position":"center center","background-size":"auto","background-attachment":"scroll","background-type":"","background-media":"","overlay-type":"","overlay-color":"","overlay-gradient":""},"tablet":{"background-color":"","background-image":"","background-repeat":"repeat","background-position":"center center","background-size":"auto","background-attachment":"scroll","background-type":"","background-media":"","overlay-type":"","overlay-color":"","overlay-gradient":""},"mobile":{"background-color":"","background-image":"","background-repeat":"repeat","background-position":"center center","background-size":"auto","background-attachment":"scroll","background-type":"","background-media":"","overlay-type":"","overlay-color":"","overlay-gradient":""}},"ast-content-background-meta":{"desktop":{"background-color":"var(--ast-global-color-5)","background-image":"","background-repeat":"repeat","background-position":"center center","background-size":"auto","background-attachment":"scroll","background-type":"","background-media":"","overlay-type":"","overlay-color":"","overlay-gradient":""},"tablet":{"background-color":"var(--ast-global-color-5)","background-image":"","background-repeat":"repeat","background-position":"center center","background-size":"auto","background-attachment":"scroll","background-type":"","background-media":"","overlay-type":"","overlay-color":"","overlay-gradient":""},"mobile":{"background-color":"var(--ast-global-color-5)","background-image":"","background-repeat":"repeat","background-position":"center center","background-size":"auto","background-attachment":"scroll","background-type":"","background-media":"","overlay-type":"","overlay-color":"","overlay-gradient":""}},"footnotes":""},"class_list":["post-141","page","type-page","status-publish","hentry"],"_links":{"self":[{"href":"https:\/\/kiss.nu\/index.php?rest_route=\/wp\/v2\/pages\/141","targetHints":{"allow":["GET"]}}],"collection":[{"href":"https:\/\/kiss.nu\/index.php?rest_route=\/wp\/v2\/pages"}],"about":[{"href":"https:\/\/kiss.nu\/index.php?rest_route=\/wp\/v2\/types\/page"}],"author":[{"embeddable":true,"href":"https:\/\/kiss.nu\/index.php?rest_route=\/wp\/v2\/users\/1"}],"replies":[{"embeddable":true,"href":"https:\/\/kiss.nu\/index.php?rest_route=%2Fwp%2Fv2%2Fcomments&post=141"}],"version-history":[{"count":83,"href":"https:\/\/kiss.nu\/index.php?rest_route=\/wp\/v2\/pages\/141\/revisions"}],"predecessor-version":[{"id":756,"href":"https:\/\/kiss.nu\/index.php?rest_route=\/wp\/v2\/pages\/141\/revisions\/756"}],"wp:attachment":[{"href":"https:\/\/kiss.nu\/index.php?rest_route=%2Fwp%2Fv2%2Fmedia&parent=141"}],"curies":[{"name":"wp","href":"https:\/\/api.w.org\/{rel}","templated":true}]}}